{"id":2119,"date":"2022-04-11T07:17:02","date_gmt":"2022-04-11T07:17:02","guid":{"rendered":"https:\/\/smotra.ffzg.unizg.hr\/?page_id=2119"},"modified":"2025-12-03T08:04:42","modified_gmt":"2025-12-03T08:04:42","slug":"ffzg","status":"publish","type":"page","link":"https:\/\/smotra.ffzg.unizg.hr\/?page_id=2119","title":{"rendered":"Smotra Sveu\u010dili\u0161ta u Zagrebu"},"content":{"rendered":"\n<div class=\"wp-block-uagb-container uagb-block-dc794c71 alignfull uagb-is-root-container\"><div class=\"uagb-container-inner-blocks-wrap\">\n<div class=\"wp-block-uagb-info-box uagb-block-622a2e92 uagb-infobox__content-wrap  uagb-infobox-icon-above-title uagb-infobox-image-valign-top\"><div class=\"uagb-ifb-content\"><div class=\"uagb-ifb-title-wrap\"><\/div><\/div><\/div>\n<\/div><\/div>\n\n\n\n<div class=\"wp-block-uagb-container uagb-block-e947756a alignfull uagb-is-root-container\"><div class=\"uagb-container-inner-blocks-wrap\">\n<div class=\"wp-block-uagb-container uagb-block-5ed0aec8\">\n<p class=\"has-text-align-center\" style=\"margin-right:0;margin-left:0\">I ove godine dru\u017eimo se s vama na <strong>jubilarnoj<\/strong> <a href=\"https:\/\/smotra.unizg.hr\/\" target=\"_blank\" rel=\"noreferrer noopener\"><strong>30.<\/strong> <strong>Smotri Sveu\u010dili\u0161ta u Zagrebu<\/strong><\/a>, koja \u0107e se odr\u017eavati <strong>od 13. do 15. studenoga 2025. na Zagreba\u010dkom velesajmu<\/strong>, u prostorima Kongresne dvorane, dvorane Zimski vrt i dvorana Cres (Avenija Dubrovnik 15, Zagreb).<\/p>\n\n\n\n<p class=\"has-text-align-center\" style=\"margin-top:var(--wp--preset--spacing--20);margin-right:0;margin-bottom:var(--wp--preset--spacing--20);margin-left:0\"><strong>Posjetite \u0161tand Filozofskog fakulteta i saznajte sve \u0161to vas zanima<br>o upisima na 45 prijediplomskih i 51 diplomski studij koje Fakultet nudi.<\/strong><\/p>\n\n\n\n<p class=\"has-text-align-center\" style=\"border-radius:0px;margin-top:0;margin-bottom:0;padding-top:0;padding-right:var(--wp--preset--spacing--30);padding-bottom:0;padding-left:var(--wp--preset--spacing--30)\"><strong>Do\u0111ite, upoznajte na\u0161e nastavnike i studente koji \u0107e vam odgovoriti<br>na sva va\u0161a pitanja i prona\u0111ite svoj studij i poziv!<\/strong><\/p>\n\n\n\n<p class=\"has-text-align-center\" style=\"margin-top:0;margin-right:0;margin-bottom:0;margin-left:0\"><strong>Studirajte s nama i otvorite vrata svijeta!<\/strong><\/p>\n\n\n\n<p><\/p>\n<\/div>\n\n\n\n<div class=\"wp-block-columns is-layout-flex wp-container-core-columns-is-layout-28f84493 wp-block-columns-is-layout-flex\">\n<div class=\"wp-block-column is-layout-flow wp-block-column-is-layout-flow\">\n<div class=\"wp-block-columns is-layout-flex wp-container-core-columns-is-layout-28f84493 wp-block-columns-is-layout-flex\">\n<div class=\"wp-block-column is-layout-flow wp-block-column-is-layout-flow\" style=\"flex-basis:66.66%\">\n<p>Ova velika obljetnica predstavlja <strong>nastavak dugogodi\u0161nje tradicije te potvrdu predanosti Sveu\u010dili\u0161ta u Zagrebu<\/strong> koje ve\u0107 tri desetlje\u0107a ima va\u017enu ulogu u usmjeravanju u\u010denika zavr\u0161nih razreda srednjih \u0161kola pri <strong>odabiru njihovoga daljnjega obrazovnoga puta<\/strong>.<\/p>\n\n\n\n<p>Uz <strong>predstavljanje fakulteta i akademija Sveu\u010dili\u0161ta u Zagrebu na izlo\u017ebenim prostorima \u2013 31 fakultet i tri umjetni\u010dke akademije<\/strong>, program ovogodi\u0161nje Smotre bit \u0107e sastavljen od razli\u010ditih aktivnosti objedinjenih kroz tri dodatne cjeline \u2013 profesionalnu orijentaciju, program vezan uz iskustvo studiranja (sportske aktivnosti, programi mobilnosti, stipendiranje, djelovanje studentskih udruga, i sl.) te aktivnosti u okviru koncepta pametnoga sveu\u010dili\u0161ta (Smart University).<\/p>\n\n\n\n<p><strong>Program ovogodi\u0161nje Smotre izvodit \u0107e se u razli\u010ditim oblicima \u2013 u kombinaciji doga\u0111anja u\u017eivo i objave razli\u010ditih digitalnih sadr\u017eaja.<\/strong>&nbsp;U skladu s tim, program ovogodi\u0161nje Smotre obuhvatit \u0107e predstavljanje sastavnica Sveu\u010dili\u0161ta u Zagrebu i njihovih studijskih programa na izlo\u017ebenim prostorima, kao i raznovrsnim prezentacijama i panel-diskusijama te objavom razli\u010ditih digitalnih sadr\u017eaja na slu\u017ebenoj&nbsp;<a href=\"https:\/\/smotra.unizg.hr\/\" target=\"_blank\" rel=\"noreferrer noopener\">mre\u017enoj stranici Smotre<\/a>&nbsp;te na mre\u017enim stranicama fakulteta i akademija.<\/p>\n<\/div>\n\n\n\n<div class=\"wp-block-column is-layout-flow wp-block-column-is-layout-flow\" style=\"flex-basis:33.33%\">\n<figure class=\"wp-block-gallery has-nested-images columns-default is-cropped wp-block-gallery-1 is-layout-flex wp-block-gallery-is-layout-flex\">\n<figure class=\"wp-block-image size-large\"><img loading=\"lazy\" decoding=\"async\" width=\"1024\" height=\"1024\" data-id=\"4954\" src=\"https:\/\/smotra.ffzg.unizg.hr\/wp-content\/uploads\/2025\/10\/30_smotra_2025_kvadrat-1024x1024.png\" alt=\"\" class=\"wp-image-4954\" srcset=\"https:\/\/smotra.ffzg.unizg.hr\/wp-content\/uploads\/2025\/10\/30_smotra_2025_kvadrat-1024x1024.png 1024w, https:\/\/smotra.ffzg.unizg.hr\/wp-content\/uploads\/2025\/10\/30_smotra_2025_kvadrat-300x300.png 300w, https:\/\/smotra.ffzg.unizg.hr\/wp-content\/uploads\/2025\/10\/30_smotra_2025_kvadrat-150x150.png 150w, https:\/\/smotra.ffzg.unizg.hr\/wp-content\/uploads\/2025\/10\/30_smotra_2025_kvadrat-768x768.png 768w, https:\/\/smotra.ffzg.unizg.hr\/wp-content\/uploads\/2025\/10\/30_smotra_2025_kvadrat.png 1080w\" sizes=\"auto, (max-width: 1024px) 100vw, 1024px\" \/><\/figure>\n<\/figure>\n\n\n\n<p class=\"has-text-align-center\"><a href=\"https:\/\/youtube.com\/shorts\/uFIqvWINYVk?si=BiE34VRsrtM_-IKy\" target=\"_blank\" rel=\"noreferrer noopener\"><strong>Video o Smotri<\/strong><\/a><\/p>\n<\/div>\n<\/div>\n\n\n\n<p>Me\u0111u fakultetima koji \u0107e se predstavljati je i&nbsp;<strong>Filozofski fakulte<\/strong>t kojeg \u0107e predstaviti na\u0161i nastavnici i studenti. Za vrijeme trajanja Smotre u izlo\u017ebenom prostoru u Kongresnoj dvorani na \u0161tandu Filozofskog fakulteta svi zainteresirani mo\u0107i \u0107e dobiti informacije o upisu na fakultet, o studijskim programima i o prednostima studiranja na FFZG-u.<\/p>\n\n\n\n<p>Sve vas srda\u010dno pozivamo da svojim dolaskom podr\u017eite Filozofski fakultet!<\/p>\n\n\n\n<div class=\"wp-block-uagb-separator uagb-block-5047384d\"><div class=\"wp-block-uagb-separator__inner\" style=\"--my-background-image:\"><\/div><\/div>\n\n\n\n<p class=\"has-text-align-center\"><strong><u><a href=\"https:\/\/smotra.ffzg.unizg.hr\/wp-content\/uploads\/2025\/11\/Smotra_2025-raspored-dezurstava.pdf\">Raspored predstavljanja prijediplomskih i diplomskih studija<\/a><\/u><\/strong><\/p>\n\n\n\n<div class=\"wp-block-columns is-layout-flex wp-container-core-columns-is-layout-28f84493 wp-block-columns-is-layout-flex\">\n<div class=\"wp-block-column is-layout-flow wp-block-column-is-layout-flow\">\n<figure class=\"wp-block-image aligncenter size-full\"><img loading=\"lazy\" decoding=\"async\" width=\"1024\" height=\"652\" src=\"https:\/\/smotra.ffzg.unizg.hr\/wp-content\/uploads\/2025\/11\/raspored-studiji-smotra-2025.jpg\" alt=\"\" class=\"wp-image-4984\" srcset=\"https:\/\/smotra.ffzg.unizg.hr\/wp-content\/uploads\/2025\/11\/raspored-studiji-smotra-2025.jpg 1024w, https:\/\/smotra.ffzg.unizg.hr\/wp-content\/uploads\/2025\/11\/raspored-studiji-smotra-2025-300x191.jpg 300w, https:\/\/smotra.ffzg.unizg.hr\/wp-content\/uploads\/2025\/11\/raspored-studiji-smotra-2025-768x489.jpg 768w\" sizes=\"auto, (max-width: 1024px) 100vw, 1024px\" \/><\/figure>\n<\/div>\n<\/div>\n\n\n\n<div class=\"wp-block-uagb-separator uagb-block-62c1cf5f\"><div class=\"wp-block-uagb-separator__inner\" style=\"--my-background-image:\"><\/div><\/div>\n<\/div>\n<\/div>\n\n\n\n<div class=\"wp-block-uagb-container uagb-block-2ea592a2\">\n<div class=\"wp-block-columns is-layout-flex wp-container-core-columns-is-layout-28f84493 wp-block-columns-is-layout-flex\">\n<div class=\"wp-block-column is-layout-flow wp-block-column-is-layout-flow\">\n<div class=\"wp-block-columns is-layout-flex wp-container-core-columns-is-layout-28f84493 wp-block-columns-is-layout-flex\">\n<div class=\"wp-block-column is-layout-flow wp-block-column-is-layout-flow\">\n<div class=\"wp-block-columns is-layout-flex wp-container-core-columns-is-layout-28f84493 wp-block-columns-is-layout-flex\">\n<div class=\"wp-block-column is-layout-flow wp-block-column-is-layout-flow\" style=\"flex-basis:100%\">\n<div class=\"wp-block-uagb-container uagb-block-c4c46016\">\n<div class=\"wp-block-columns is-layout-flex wp-container-core-columns-is-layout-28f84493 wp-block-columns-is-layout-flex\">\n<div class=\"wp-block-column is-layout-flow wp-block-column-is-layout-flow\">\n<p class=\"has-text-align-center\"><strong><a href=\"https:\/\/www.unizg.hr\/fileadmin\/akademski-list\/20\/akademski-list-20.pdf\">Akademski list (br. 20) &#8211; 30. Smotra Sveu\u010dili\u0161ta u Zagrebu  <\/a><\/strong><\/p>\n\n\n\n<div class=\"wp-block-uagb-container uagb-block-f7331f25\">\n<div class=\"wp-block-uagb-container uagb-block-438c1876\">\n<div class=\"wp-block-uagb-image aligncenter uagb-block-95af9d7f wp-block-uagb-image--layout-default wp-block-uagb-image--effect-static wp-block-uagb-image--align-center\"><figure class=\"wp-block-uagb-image__figure\"><img decoding=\"async\" srcset=\"https:\/\/smotra.ffzg.unizg.hr\/wp-content\/uploads\/2025\/12\/30-smotra-1024x814.jpg ,https:\/\/smotra.ffzg.unizg.hr\/wp-content\/uploads\/2025\/12\/30-smotra.jpg 780w, https:\/\/smotra.ffzg.unizg.hr\/wp-content\/uploads\/2025\/12\/30-smotra.jpg 360w\" sizes=\"auto, (max-width: 480px) 150px\" src=\"https:\/\/smotra.ffzg.unizg.hr\/wp-content\/uploads\/2025\/12\/30-smotra-1024x814.jpg\" alt=\"\" class=\"uag-image-4997\" width=\"1024\" height=\"814\" title=\"\" loading=\"lazy\"\/><\/figure><\/div>\n\n\n\n<div class=\"wp-block-uagb-container uagb-block-8dcad057\">\n<div class=\"wp-block-uagb-separator uagb-block-60472611\"><div class=\"wp-block-uagb-separator__inner\" style=\"--my-background-image:\"><\/div><\/div>\n<\/div>\n<\/div>\n<\/div>\n<\/div>\n<\/div>\n<\/div>\n<\/div>\n<\/div>\n<\/div>\n<\/div>\n<\/div>\n<\/div>\n<\/div>\n\n\n\n<div class=\"wp-block-uagb-container uagb-block-48400634\">\n<div class=\"wp-block-uagb-container uagb-block-68337acd\">\n<div class=\"wp-block-columns is-layout-flex wp-container-core-columns-is-layout-28f84493 wp-block-columns-is-layout-flex\">\n<div class=\"wp-block-column is-layout-flow wp-block-column-is-layout-flow\">\n<div class=\"wp-block-columns is-layout-flex wp-container-core-columns-is-layout-28f84493 wp-block-columns-is-layout-flex\">\n<div class=\"wp-block-column is-layout-flow wp-block-column-is-layout-flow\">\n<p class=\"has-text-align-center\"><strong> <\/strong><a href=\"https:\/\/www.instagram.com\/reel\/DCjIaiptNu3\/?utm_source=ig_web_copy_link\" target=\"_blank\" rel=\"noreferrer noopener\"><strong>Predstavljanje Filozofskog fakulteta u Zagrebu<\/strong> <strong>na<\/strong> <strong>29. Smotri Sveu\u010dili\u0161ta<\/strong><\/a><\/p>\n\n\n\n<p class=\"has-text-align-center\"><strong><a href=\"https:\/\/web2020.ffzg.unizg.hr\/blog\/2023\/11\/13\/priznanje-sveucilista-u-zagrebu-filozofskom-fakultetu-za-najbolje-uredeni-izlozbeni-prostor-na-28-smotri-sveucilista\/\" target=\"_blank\" rel=\"noreferrer noopener\"><strong> Predstavljanje Filozofskog fakulteta u Zagrebu<\/strong> <strong>na<\/strong> <strong>28. Smotri Sveu\u010dili\u0161ta<\/strong><\/a><\/strong><\/p>\n\n\n\n<div class=\"wp-block-uagb-container uagb-block-6ac05547\">\n<div class=\"wp-block-uagb-separator uagb-block-7c1c18c6\"><div class=\"wp-block-uagb-separator__inner\" style=\"--my-background-image:\"><\/div><\/div>\n<\/div>\n<\/div>\n<\/div>\n<\/div>\n<\/div>\n<\/div>\n<\/div>\n\n\n\n<div class=\"wp-block-columns is-layout-flex wp-container-core-columns-is-layout-28f84493 wp-block-columns-is-layout-flex\">\n<div class=\"wp-block-column is-layout-flow wp-block-column-is-layout-flow\">\n<div class=\"wp-block-columns is-layout-flex wp-container-core-columns-is-layout-28f84493 wp-block-columns-is-layout-flex\">\n<div class=\"wp-block-column is-layout-flow wp-block-column-is-layout-flow\">\n<figure class=\"wp-block-image aligncenter size-full\"><img loading=\"lazy\" decoding=\"async\" width=\"1609\" height=\"338\" src=\"https:\/\/smotra.ffzg.unizg.hr\/wp-content\/uploads\/2023\/11\/raspored-vizual.png\" alt=\"\" class=\"wp-image-4738\" srcset=\"https:\/\/smotra.ffzg.unizg.hr\/wp-content\/uploads\/2023\/11\/raspored-vizual.png 1609w, https:\/\/smotra.ffzg.unizg.hr\/wp-content\/uploads\/2023\/11\/raspored-vizual-300x63.png 300w, https:\/\/smotra.ffzg.unizg.hr\/wp-content\/uploads\/2023\/11\/raspored-vizual-1024x215.png 1024w, https:\/\/smotra.ffzg.unizg.hr\/wp-content\/uploads\/2023\/11\/raspored-vizual-768x161.png 768w, https:\/\/smotra.ffzg.unizg.hr\/wp-content\/uploads\/2023\/11\/raspored-vizual-1536x323.png 1536w\" sizes=\"auto, (max-width: 1609px) 100vw, 1609px\" \/><\/figure>\n<\/div>\n<\/div>\n<\/div>\n<\/div>\n<\/div><\/div>\n\n\n\n<p><\/p>\n","protected":false},"excerpt":{"rendered":"<p>I ove godine dru\u017eimo se s vama na jubilarnoj 30. Smotri Sveu\u010dili\u0161ta u Zagrebu, koja \u0107e se odr\u017eavati od 13. do 15. studenoga 2025. na Zagreba\u010dkom velesajmu, u prostorima Kongresne dvorane, dvorane Zimski vrt i dvorana Cres (Avenija Dubrovnik 15, Zagreb). Posjetite \u0161tand Filozofskog fakulteta i saznajte sve \u0161to vas zanimao upisima na 45 prijediplomskih &hellip;<\/p>\n<p class=\"read-more\"> <a class=\"\" href=\"https:\/\/smotra.ffzg.unizg.hr\/?page_id=2119\"> <span class=\"screen-reader-text\">Smotra Sveu\u010dili\u0161ta u Zagrebu<\/span> Read More &raquo;<\/a><\/p>\n","protected":false},"author":1,"featured_media":0,"parent":0,"menu_order":0,"comment_status":"closed","ping_status":"closed","template":"","meta":{"_uag_custom_page_level_css":"","site-sidebar-layout":"no-sidebar","site-content-layout":"page-builder","ast-site-content-layout":"full-width-container","site-content-style":"unboxed","site-sidebar-style":"unboxed","ast-global-header-display":"","ast-banner-title-visibility":"","ast-main-header-display":"","ast-hfb-above-header-display":"","ast-hfb-below-header-display":"","ast-hfb-mobile-header-display":"","site-post-title":"disabled","ast-breadcrumbs-content":"","ast-featured-img":"disabled","footer-sml-layout":"","theme-transparent-header-meta":"","adv-header-id-meta":"","stick-header-meta":"","header-above-stick-meta":"","header-main-stick-meta":"","header-below-stick-meta":"","astra-migrate-meta-layouts":"set","ast-page-background-enabled":"default","ast-page-background-meta":{"desktop":{"background-color":"","background-image":"","background-repeat":"repeat","background-position":"center center","background-size":"auto","background-attachment":"scroll","background-type":"","background-media":"","overlay-type":"","overlay-color":"","overlay-gradient":""},"tablet":{"background-color":"","background-image":"","background-repeat":"repeat","background-position":"center center","background-size":"auto","background-attachment":"scroll","background-type":"","background-media":"","overlay-type":"","overlay-color":"","overlay-gradient":""},"mobile":{"background-color":"","background-image":"","background-repeat":"repeat","background-position":"center center","background-size":"auto","background-attachment":"scroll","background-type":"","background-media":"","overlay-type":"","overlay-color":"","overlay-gradient":""}},"ast-content-background-meta":{"desktop":{"background-color":"var(--ast-global-color-5)","background-image":"","background-repeat":"repeat","background-position":"center center","background-size":"auto","background-attachment":"scroll","background-type":"","background-media":"","overlay-type":"","overlay-color":"","overlay-gradient":""},"tablet":{"background-color":"var(--ast-global-color-5)","background-image":"","background-repeat":"repeat","background-position":"center center","background-size":"auto","background-attachment":"scroll","background-type":"","background-media":"","overlay-type":"","overlay-color":"","overlay-gradient":""},"mobile":{"background-color":"var(--ast-global-color-5)","background-image":"","background-repeat":"repeat","background-position":"center center","background-size":"auto","background-attachment":"scroll","background-type":"","background-media":"","overlay-type":"","overlay-color":"","overlay-gradient":""}},"footnotes":""},"class_list":["post-2119","page","type-page","status-publish","hentry"],"uagb_featured_image_src":{"full":false,"thumbnail":false,"medium":false,"medium_large":false,"large":false,"1536x1536":false,"2048x2048":false},"uagb_author_info":{"display_name":"Smotra","author_link":"https:\/\/smotra.ffzg.unizg.hr\/?author=1"},"uagb_comment_info":0,"uagb_excerpt":"I ove godine dru\u017eimo se s vama na jubilarnoj 30. Smotri Sveu\u010dili\u0161ta u Zagrebu, koja \u0107e se odr\u017eavati od 13. do 15. studenoga 2025. na Zagreba\u010dkom velesajmu, u prostorima Kongresne dvorane, dvorane Zimski vrt i dvorana Cres (Avenija Dubrovnik 15, Zagreb). Posjetite \u0161tand Filozofskog fakulteta i saznajte sve \u0161to vas zanimao upisima na 45 prijediplomskih&hellip;","_links":{"self":[{"href":"https:\/\/smotra.ffzg.unizg.hr\/index.php?rest_route=\/wp\/v2\/pages\/2119","targetHints":{"allow":["GET"]}}],"collection":[{"href":"https:\/\/smotra.ffzg.unizg.hr\/index.php?rest_route=\/wp\/v2\/pages"}],"about":[{"href":"https:\/\/smotra.ffzg.unizg.hr\/index.php?rest_route=\/wp\/v2\/types\/page"}],"author":[{"embeddable":true,"href":"https:\/\/smotra.ffzg.unizg.hr\/index.php?rest_route=\/wp\/v2\/users\/1"}],"replies":[{"embeddable":true,"href":"https:\/\/smotra.ffzg.unizg.hr\/index.php?rest_route=%2Fwp%2Fv2%2Fcomments&post=2119"}],"version-history":[{"count":123,"href":"https:\/\/smotra.ffzg.unizg.hr\/index.php?rest_route=\/wp\/v2\/pages\/2119\/revisions"}],"predecessor-version":[{"id":4999,"href":"https:\/\/smotra.ffzg.unizg.hr\/index.php?rest_route=\/wp\/v2\/pages\/2119\/revisions\/4999"}],"wp:attachment":[{"href":"https:\/\/smotra.ffzg.unizg.hr\/index.php?rest_route=%2Fwp%2Fv2%2Fmedia&parent=2119"}],"curies":[{"name":"wp","href":"https:\/\/api.w.org\/{rel}","templated":true}]}}