{"id":2117,"date":"2023-11-03T09:04:51","date_gmt":"2023-11-03T09:04:51","guid":{"rendered":"https:\/\/smotra.ffzg.unizg.hr\/?page_id=2117"},"modified":"2025-01-21T07:50:26","modified_gmt":"2025-01-21T07:50:26","slug":"studiji","status":"publish","type":"page","link":"https:\/\/smotra.ffzg.unizg.hr\/?page_id=2117","title":{"rendered":"Prijediplomski i diplomski studiji"},"content":{"rendered":"\n<div class=\"wp-block-uagb-container uagb-block-5a7938ab alignfull uagb-is-root-container\"><div class=\"uagb-container-inner-blocks-wrap\">\n<div class=\"wp-block-uagb-info-box uagb-block-387e81fb uagb-infobox__content-wrap  uagb-infobox-icon-above-title uagb-infobox-image-valign-top\"><div class=\"uagb-ifb-content\"><div class=\"uagb-ifb-title-wrap\"><span class=\"uagb-ifb-title-prefix\">PRIJEDIPLOMSKI I DIPLOMSKI STUDIJI<\/span><div class=\"uagb-ifb-separator\"><\/div><h1 class=\"uagb-ifb-title\"><strong>OBLIKUJTE SVOJ JEDINSTVENI PROFIL NA TR\u017dI\u0160TU RAD<\/strong>A<br><strong>STUDIJEM NA FILOZOFSKOM FAKULTETU<\/strong><\/h1><\/div><\/div><\/div>\n<\/div><\/div>\n\n\n\n<div class=\"wp-block-uagb-container uagb-block-5b05212e alignfull uagb-is-root-container\"><div class=\"uagb-container-inner-blocks-wrap\">\n<div class=\"wp-block-uagb-container uagb-block-4e542f63 alignfull uagb-is-root-container\"><div class=\"uagb-container-inner-blocks-wrap\">\n<div class=\"wp-block-uagb-container uagb-block-f501bf14\">\n<div class=\"wp-block-uagb-info-box uagb-block-23b5c004 uagb-infobox__content-wrap  uagb-infobox-icon-above-title uagb-infobox-image-valign-top\"><div class=\"uagb-ifb-content\"><div class=\"uagb-ifb-title-wrap\"><h2 class=\"uagb-ifb-title\">JEDNOPREDMETNI I DVOPREDMETNI<br>PRIJEDIPLOMSKI I DIPLOMSKI STUDIJI<\/h2><\/div><div class=\"uagb-ifb-separator\"><\/div><\/div><\/div>\n\n\n\n<div class=\"wp-block-columns is-layout-flex wp-container-core-columns-is-layout-28f84493 wp-block-columns-is-layout-flex\">\n<div class=\"wp-block-column is-layout-flow wp-block-column-is-layout-flow\">\n<p>Studenti Filozofskoga fakulteta mogu <strong>na prijediplomskoj i diplomskoj razini slobodno&nbsp;kombinirati dvije studijske grupe <\/strong>od ponu\u0111enih. To zna\u010di da ve\u0107ina na\u0161ih studenata <strong>nakon zavr\u0161etka studija stje\u010de dvije titule<\/strong>, \u0161to im omogu\u0107uje ve\u0107u zapo\u0161ljivost na tr\u017ei\u0161tu rada. Jedina je iznimka psihologija, koja se mo\u017ee studirati samo jednopredmetno na prijediplomskoj i diplomskoj razini. <strong>Neke studijske grupe, uz dvopredmetne, imaju i jednopredmetne programe<\/strong> (arheologija, filozofija, informacijske i komunikacijske znanosti, komparativna knji\u017eevnost, kroatistika, pedagogija, povijest, sociologija, talijanistika) <strong>na prijediplomskoj i diplomskoj razini<\/strong>.<\/p>\n\n\n\n<p>Na Fakultetu je mogu\u0107e studirati:<\/p>\n\n\n\n<ul class=\"wp-block-list\">\n<li><strong>jednopredmetni&nbsp; studij<\/strong> \u2013 jedna studijska grupa<\/li>\n\n\n\n<li><strong>dvopredmetni studij<\/strong> \u2013 obavezna kombinacija dviju ponu\u0111enih dvopredmetnih studijskih grupa<\/li>\n\n\n\n<li><strong>integrirani studij&nbsp;<\/strong><\/li>\n<\/ul>\n\n\n\n<div class=\"wp-block-columns is-layout-flex wp-container-core-columns-is-layout-28f84493 wp-block-columns-is-layout-flex\">\n<div class=\"wp-block-column is-layout-flow wp-block-column-is-layout-flow\">\n<p class=\"has-text-align-center has-ast-global-color-4-background-color has-background has-medium-font-size\"><strong>Jednopredmetni i dvopredmetni <a href=\"https:\/\/theta.ffzg.hr\/ECTS\/Studij\/Reformirani?razinaStudijaID=3\" target=\"_blank\" rel=\"noreferrer noopener\"><u>prijediplomski<\/u>\n<\/a> i <a href=\"https:\/\/theta.ffzg.hr\/ECTS\/Studij\/Trenutni?razinaStudijaID=4\" target=\"_blank\" rel=\"noreferrer noopener\"><u>diplomski<\/u> <\/a> studiji<\/strong><\/p>\n<\/div>\n<\/div>\n<\/div>\n<\/div>\n<\/div>\n<\/div><\/div>\n\n\n\n<div class=\"wp-block-columns is-layout-flex wp-container-core-columns-is-layout-28f84493 wp-block-columns-is-layout-flex\">\n<div class=\"wp-block-column is-layout-flow wp-block-column-is-layout-flow\">\n<p class=\"has-text-color has-link-color wp-elements-4b51fdbebd5308f2ccc85947907502c9\" style=\"color:#ec5c76\"><strong>PRIJEDIPLOMSKI I DIPLOMSKI STUDIJI<br>(jednopredmetni i dvopredmetni)<\/strong><\/p>\n\n\n\n<ul class=\"wp-block-list\">\n<li><strong>Anglistika <\/strong><\/li>\n\n\n\n<li><strong>Antropologija<\/strong> <\/li>\n\n\n\n<li><strong>Arheologija<\/strong> <\/li>\n\n\n\n<li><strong>\u010ce\u0161ki jezik i knji\u017eevnost <\/strong><\/li>\n\n\n\n<li><strong>Etnologija i kulturna antropologija<\/strong> <\/li>\n\n\n\n<li><strong>Filozofija<\/strong> <\/li>\n\n\n\n<li><strong>Fonetika <\/strong><\/li>\n\n\n\n<li><strong>Francuski jezik i knji\u017eevnost<\/strong><\/li>\n\n\n\n<li><strong>Germanistika<\/strong> <\/li>\n\n\n\n<li><strong>Gr\u010dki jezik i knji\u017eevnost<\/strong><\/li>\n\n\n\n<li><strong>Hungarologija<\/strong> <\/li>\n\n\n\n<li><strong>Indologija<\/strong><\/li>\n\n\n\n<li><strong>Informacijske znanosti<\/strong> <\/li>\n\n\n\n<li><strong>Japanologija<\/strong> <\/li>\n\n\n\n<li><strong>Judaistika<\/strong> <\/li>\n\n\n\n<li><strong>Ju\u017enoslavenski studiji<\/strong><\/li>\n\n\n\n<li><strong>Komparativna knji\u017eevnost<\/strong> <\/li>\n\n\n\n<li><strong>Kroatistika<\/strong> <\/li>\n\n\n\n<li><strong>Latinski jezik i knji\u017eevnost<\/strong> <\/li>\n\n\n\n<li><strong>Lingvistika<\/strong> <\/li>\n\n\n\n<li><strong>Nederlandistika<\/strong> \u2013 ne upisuje se svake godine<\/li>\n\n\n\n<li><strong>Pedagogija<\/strong> <\/li>\n\n\n\n<li><strong>Poljski jezik i knji\u017eevnost<\/strong> <\/li>\n\n\n\n<li><strong>Portugalski jezik i knji\u017eevnost<\/strong> <\/li>\n\n\n\n<li><strong>Povijest<\/strong> <\/li>\n\n\n\n<li><strong>Povijest umjetnosti<\/strong><\/li>\n\n\n\n<li><strong>Psihologija<\/strong><\/li>\n\n\n\n<li><strong>Rumunjski jezik i knji\u017eevnost<\/strong> <\/li>\n\n\n\n<li><strong>Ruski jezik i knji\u017eevnost<\/strong> <\/li>\n\n\n\n<li><strong>Sinologija<\/strong> <\/li>\n\n\n\n<li><strong>Slova\u010dki jezik i knji\u017eevnost<\/strong><\/li>\n\n\n\n<li><strong>Sociologija <\/strong><\/li>\n\n\n\n<li><strong>\u0160panjolski jezik i knji\u017eevnost <\/strong><\/li>\n\n\n\n<li><strong>\u0160vedski jezik i kultura<\/strong> <\/li>\n\n\n\n<li><strong>Talijanistika <\/strong><\/li>\n\n\n\n<li><strong>Turkologija<\/strong><\/li>\n\n\n\n<li><strong>Ukrajinski jezik i knji\u017eevnost<\/strong><\/li>\n<\/ul>\n<\/div>\n\n\n\n<div class=\"wp-block-column has-ast-global-color-5-background-color has-background is-layout-flow wp-block-column-is-layout-flow\">\n<p class=\"has-text-color\" style=\"color:#ec5c76\"><strong>DIPLOMSKI STUDIJI<br>(jednopredmetni)<\/strong><\/p>\n\n\n\n<ul class=\"wp-block-list\">\n<li><strong>Digitalna lingvistika <\/strong><\/li>\n\n\n\n<li><strong>Klini\u010dka lingvistika i fonetika <\/strong><\/li>\n\n\n\n<li><strong>Primijenjena kognitivna znanost <\/strong><\/li>\n\n\n\n<li><strong>Romistika<\/strong><\/li>\n\n\n\n<li><strong>Studiji jugoisto\u010dne Europe<\/strong><\/li>\n<\/ul>\n\n\n\n<p class=\"has-text-color\" style=\"color:#ec5c76\"><strong>INTEGRIRANI STUDIJ<br>(u suradnji s Prirodoslovno-matemati\u010dkim fakultetom)<\/strong><\/p>\n\n\n\n<ul class=\"wp-block-list\">\n<li><strong>Povijest i Geografija<\/strong><\/li>\n<\/ul>\n<\/div>\n<\/div>\n\n\n\n<div class=\"wp-block-uagb-container uagb-block-86cfc3cb\"><\/div>\n\n\n\n<div class=\"wp-block-uagb-container uagb-block-8cf9c332 alignfull uagb-is-root-container\"><div class=\"uagb-container-inner-blocks-wrap\">\n<div class=\"wp-block-uagb-container uagb-block-d31886fc\">\n<div class=\"wp-block-uagb-info-box uagb-block-36abc059 uagb-infobox__content-wrap  uagb-infobox-icon-above-title uagb-infobox-image-valign-top\"><div class=\"uagb-ifb-content\"><div class=\"uagb-ifb-title-wrap\"><h2 class=\"uagb-ifb-title\">Upisi na FFZG<\/h2><\/div><div class=\"uagb-ifb-separator\"><\/div><\/div><\/div>\n\n\n\n<div class=\"wp-block-columns is-layout-flex wp-container-core-columns-is-layout-28f84493 wp-block-columns-is-layout-flex\">\n<div class=\"wp-block-column is-layout-flow wp-block-column-is-layout-flow\">\n<p>Od akademske godine 2020.\/2021. uvjeti upisa na Fakultet poprili\u010dno su pojednostavljeni. Vi\u0161e se ne provodi zajedni\u010dki \u201eprijamni ispit\u201c, a prijave se rangiraju na temelju rezultata dr\u017eavne mature i dodatnih kriterija. <\/p>\n\n\n\n<p>Za upis pojedinih studija potrebno je ispuniti preduvjet znanja jezika, koji se dokazuje polaganjem dr\u017eavne mature potrebnog jezika ili ispita predznanja ili propisanim ekvivalentom ispita. <\/p>\n\n\n\n<p>Sve informacije o uvjetima upisa na pojedine studijske grupe nalaze se na portalu <u><a href=\"https:\/\/www.postani-student.hr\/Ucilista\/Default.aspx\" target=\"_blank\" rel=\"noreferrer noopener\"><strong>Postani student<\/strong><\/a><\/u>, a ako imate bilo kakvih nedoumica ili pitanja mo\u017eete se obratiti na\u0161em <u><strong><a href=\"https:\/\/infocentar.ffzg.unizg.hr\/\" target=\"_blank\" rel=\"noreferrer noopener\">Info centru<\/a><\/strong><\/u> koji \u0107e vam odgovoriti na sva va\u0161a pitanja o upisu na FFZG.<\/p>\n\n\n\n<div class=\"wp-block-uagb-separator uagb-block-d44293fb\"><div class=\"wp-block-uagb-separator__inner\" style=\"--my-background-image:\"><\/div><\/div>\n<\/div>\n<\/div>\n<\/div>\n\n\n\n<div class=\"wp-block-uagb-container uagb-block-c8c76ca1\">\n<div class=\"wp-block-columns is-layout-flex wp-container-core-columns-is-layout-28f84493 wp-block-columns-is-layout-flex\">\n<div class=\"wp-block-column is-layout-flow wp-block-column-is-layout-flow\" style=\"flex-basis:100%\">\n<div class=\"wp-block-columns is-layout-flex wp-container-core-columns-is-layout-28f84493 wp-block-columns-is-layout-flex\">\n<div class=\"wp-block-column is-layout-flow wp-block-column-is-layout-flow\">\n<figure class=\"wp-block-image aligncenter size-full\"><img loading=\"lazy\" decoding=\"async\" width=\"1609\" height=\"338\" src=\"https:\/\/smotra.ffzg.unizg.hr\/wp-content\/uploads\/2023\/11\/upisi.png\" alt=\"\" class=\"wp-image-4693\" srcset=\"https:\/\/smotra.ffzg.unizg.hr\/wp-content\/uploads\/2023\/11\/upisi.png 1609w, https:\/\/smotra.ffzg.unizg.hr\/wp-content\/uploads\/2023\/11\/upisi-300x63.png 300w, https:\/\/smotra.ffzg.unizg.hr\/wp-content\/uploads\/2023\/11\/upisi-1024x215.png 1024w, https:\/\/smotra.ffzg.unizg.hr\/wp-content\/uploads\/2023\/11\/upisi-768x161.png 768w, https:\/\/smotra.ffzg.unizg.hr\/wp-content\/uploads\/2023\/11\/upisi-1536x323.png 1536w\" sizes=\"auto, (max-width: 1609px) 100vw, 1609px\" \/><\/figure>\n<\/div>\n<\/div>\n<\/div>\n<\/div>\n<\/div>\n\n\n\n<div class=\"wp-block-columns is-layout-flex wp-container-core-columns-is-layout-28f84493 wp-block-columns-is-layout-flex\">\n<div class=\"wp-block-column is-layout-flow wp-block-column-is-layout-flow\">\n<div class=\"wp-block-columns is-layout-flex wp-container-core-columns-is-layout-28f84493 wp-block-columns-is-layout-flex\">\n<div class=\"wp-block-column is-layout-flow wp-block-column-is-layout-flow\">\n<div class=\"wp-block-columns is-layout-flex wp-container-core-columns-is-layout-28f84493 wp-block-columns-is-layout-flex\">\n<div class=\"wp-block-column is-layout-flow wp-block-column-is-layout-flow\"><\/div>\n<\/div>\n<\/div>\n<\/div>\n<\/div>\n<\/div>\n<\/div><\/div>\n<\/div><\/div>\n","protected":false},"excerpt":{"rendered":"<p>Studenti Filozofskoga fakulteta mogu na prijediplomskoj i diplomskoj razini slobodno&nbsp;kombinirati dvije studijske grupe od ponu\u0111enih. To zna\u010di da ve\u0107ina na\u0161ih studenata nakon zavr\u0161etka studija stje\u010de dvije titule, \u0161to im omogu\u0107uje ve\u0107u zapo\u0161ljivost na tr\u017ei\u0161tu rada. Jedina je iznimka psihologija, koja se mo\u017ee studirati samo jednopredmetno na prijediplomskoj i diplomskoj razini. Neke studijske grupe, uz dvopredmetne, &hellip;<\/p>\n<p class=\"read-more\"> <a class=\"\" href=\"https:\/\/smotra.ffzg.unizg.hr\/?page_id=2117\"> <span class=\"screen-reader-text\">Prijediplomski i diplomski studiji<\/span> Read More &raquo;<\/a><\/p>\n","protected":false},"author":1,"featured_media":0,"parent":0,"menu_order":0,"comment_status":"closed","ping_status":"closed","template":"","meta":{"_uag_custom_page_level_css":"","site-sidebar-layout":"no-sidebar","site-content-layout":"page-builder","ast-site-content-layout":"full-width-container","site-content-style":"unboxed","site-sidebar-style":"unboxed","ast-global-header-display":"","ast-banner-title-visibility":"","ast-main-header-display":"","ast-hfb-above-header-display":"","ast-hfb-below-header-display":"","ast-hfb-mobile-header-display":"","site-post-title":"disabled","ast-breadcrumbs-content":"","ast-featured-img":"disabled","footer-sml-layout":"","theme-transparent-header-meta":"","adv-header-id-meta":"","stick-header-meta":"","header-above-stick-meta":"","header-main-stick-meta":"","header-below-stick-meta":"","astra-migrate-meta-layouts":"set","ast-page-background-enabled":"default","ast-page-background-meta":{"desktop":{"background-color":"","background-image":"","background-repeat":"repeat","background-position":"center center","background-size":"auto","background-attachment":"scroll","background-type":"","background-media":"","overlay-type":"","overlay-color":"","overlay-gradient":""},"tablet":{"background-color":"","background-image":"","background-repeat":"repeat","background-position":"center center","background-size":"auto","background-attachment":"scroll","background-type":"","background-media":"","overlay-type":"","overlay-color":"","overlay-gradient":""},"mobile":{"background-color":"","background-image":"","background-repeat":"repeat","background-position":"center center","background-size":"auto","background-attachment":"scroll","background-type":"","background-media":"","overlay-type":"","overlay-color":"","overlay-gradient":""}},"ast-content-background-meta":{"desktop":{"background-color":"var(--ast-global-color-5)","background-image":"","background-repeat":"repeat","background-position":"center center","background-size":"auto","background-attachment":"scroll","background-type":"","background-media":"","overlay-type":"","overlay-color":"","overlay-gradient":""},"tablet":{"background-color":"var(--ast-global-color-5)","background-image":"","background-repeat":"repeat","background-position":"center center","background-size":"auto","background-attachment":"scroll","background-type":"","background-media":"","overlay-type":"","overlay-color":"","overlay-gradient":""},"mobile":{"background-color":"var(--ast-global-color-5)","background-image":"","background-repeat":"repeat","background-position":"center center","background-size":"auto","background-attachment":"scroll","background-type":"","background-media":"","overlay-type":"","overlay-color":"","overlay-gradient":""}},"footnotes":""},"class_list":["post-2117","page","type-page","status-publish","hentry"],"uagb_featured_image_src":{"full":false,"thumbnail":false,"medium":false,"medium_large":false,"large":false,"1536x1536":false,"2048x2048":false},"uagb_author_info":{"display_name":"Smotra","author_link":"https:\/\/smotra.ffzg.unizg.hr\/?author=1"},"uagb_comment_info":0,"uagb_excerpt":"Studenti Filozofskoga fakulteta mogu na prijediplomskoj i diplomskoj razini slobodno&nbsp;kombinirati dvije studijske grupe od ponu\u0111enih. To zna\u010di da ve\u0107ina na\u0161ih studenata nakon zavr\u0161etka studija stje\u010de dvije titule, \u0161to im omogu\u0107uje ve\u0107u zapo\u0161ljivost na tr\u017ei\u0161tu rada. Jedina je iznimka psihologija, koja se mo\u017ee studirati samo jednopredmetno na prijediplomskoj i diplomskoj razini. Neke studijske grupe, uz dvopredmetne,&hellip;","_links":{"self":[{"href":"https:\/\/smotra.ffzg.unizg.hr\/index.php?rest_route=\/wp\/v2\/pages\/2117","targetHints":{"allow":["GET"]}}],"collection":[{"href":"https:\/\/smotra.ffzg.unizg.hr\/index.php?rest_route=\/wp\/v2\/pages"}],"about":[{"href":"https:\/\/smotra.ffzg.unizg.hr\/index.php?rest_route=\/wp\/v2\/types\/page"}],"author":[{"embeddable":true,"href":"https:\/\/smotra.ffzg.unizg.hr\/index.php?rest_route=\/wp\/v2\/users\/1"}],"replies":[{"embeddable":true,"href":"https:\/\/smotra.ffzg.unizg.hr\/index.php?rest_route=%2Fwp%2Fv2%2Fcomments&post=2117"}],"version-history":[{"count":66,"href":"https:\/\/smotra.ffzg.unizg.hr\/index.php?rest_route=\/wp\/v2\/pages\/2117\/revisions"}],"predecessor-version":[{"id":4949,"href":"https:\/\/smotra.ffzg.unizg.hr\/index.php?rest_route=\/wp\/v2\/pages\/2117\/revisions\/4949"}],"wp:attachment":[{"href":"https:\/\/smotra.ffzg.unizg.hr\/index.php?rest_route=%2Fwp%2Fv2%2Fmedia&parent=2117"}],"curies":[{"name":"wp","href":"https:\/\/api.w.org\/{rel}","templated":true}]}}